{"id":310,"date":"2025-01-16T17:36:36","date_gmt":"2025-01-16T16:36:36","guid":{"rendered":"https:\/\/montaigne.online\/?post_type=product&#038;p=310"},"modified":"2025-01-16T18:09:40","modified_gmt":"2025-01-16T17:09:40","slug":"pantalon-pour-femme-sans-marque","status":"publish","type":"product","link":"https:\/\/montaigne.online\/index.php\/produit\/pantalon-pour-femme-sans-marque\/","title":{"rendered":"Pantalon pour femme sans marque"},"content":{"rendered":"<p>Ensemble m\u00e9lang\u00e9 avec diff\u00e9rent grade, taille.<br \/>\nGrade A, B, C<br \/>\nQuantit\u00e9 minimum 50<\/p>\n","protected":false},"excerpt":{"rendered":"<p>Ensemble m\u00e9lang\u00e9 avec diff\u00e9rent grade, taille. Grade A, B, C Quantit\u00e9 minimum 50<\/p>\n","protected":false},"featured_media":317,"comment_status":"open","ping_status":"closed","template":"","meta":{"_et_pb_use_builder":"","_et_pb_old_content":"","_et_gb_content_width":""},"product_cat":[15],"product_tag":[],"class_list":{"0":"post-310","1":"product","2":"type-product","3":"status-publish","4":"has-post-thumbnail","6":"product_cat-non-classe","8":"first","9":"instock","10":"shipping-taxable","11":"purchasable","12":"product-type-simple"},"_links":{"self":[{"href":"https:\/\/montaigne.online\/index.php\/wp-json\/wp\/v2\/product\/310","targetHints":{"allow":["GET"]}}],"collection":[{"href":"https:\/\/montaigne.online\/index.php\/wp-json\/wp\/v2\/product"}],"about":[{"href":"https:\/\/montaigne.online\/index.php\/wp-json\/wp\/v2\/types\/product"}],"replies":[{"embeddable":true,"href":"https:\/\/montaigne.online\/index.php\/wp-json\/wp\/v2\/comments?post=310"}],"wp:featuredmedia":[{"embeddable":true,"href":"https:\/\/montaigne.online\/index.php\/wp-json\/wp\/v2\/media\/317"}],"wp:attachment":[{"href":"https:\/\/montaigne.online\/index.php\/wp-json\/wp\/v2\/media?parent=310"}],"wp:term":[{"taxonomy":"product_cat","embeddable":true,"href":"https:\/\/montaigne.online\/index.php\/wp-json\/wp\/v2\/product_cat?post=310"},{"taxonomy":"product_tag","embeddable":true,"href":"https:\/\/montaigne.online\/index.php\/wp-json\/wp\/v2\/product_tag?post=310"}],"curies":[{"name":"wp","href":"https:\/\/api.w.org\/{rel}","templated":true}]}}