{"id":309,"date":"2025-01-16T17:35:46","date_gmt":"2025-01-16T16:35:46","guid":{"rendered":"https:\/\/montaigne.online\/?post_type=product&#038;p=309"},"modified":"2025-01-16T18:10:51","modified_gmt":"2025-01-16T17:10:51","slug":"sweatshirt-non-triee","status":"publish","type":"product","link":"https:\/\/montaigne.online\/index.php\/produit\/sweatshirt-non-triee\/","title":{"rendered":"Sweatshirt non tri\u00e9e"},"content":{"rendered":"<p>Dans ce type de lot dit &lsquo;non tri\u00e9e&rsquo; vous pouvez retrouver des sweatshirt avec marque, comme sans marque de tout type de Grade.<br \/>\nEnsemble m\u00e9lang\u00e9 avec diff\u00e9rent grade, taille, et genre.<br \/>\nGrade, A, B, C<br \/>\nQuantit\u00e9 minimum : 50<\/p>\n","protected":false},"excerpt":{"rendered":"<p>Dans ce type de lot dit &lsquo;non tri\u00e9e&rsquo; vous pouvez retrouver des sweatshirt avec marque, comme sans marque de tout type de Grade. Ensemble m\u00e9lang\u00e9 avec diff\u00e9rent grade, taille, et genre. Grade, A, B, C Quantit\u00e9 minimum : 50<\/p>\n","protected":false},"featured_media":318,"comment_status":"open","ping_status":"closed","template":"","meta":{"_et_pb_use_builder":"","_et_pb_old_content":"","_et_gb_content_width":""},"product_cat":[15],"product_tag":[],"class_list":{"0":"post-309","1":"product","2":"type-product","3":"status-publish","4":"has-post-thumbnail","6":"product_cat-non-classe","8":"first","9":"instock","10":"shipping-taxable","11":"purchasable","12":"product-type-simple"},"_links":{"self":[{"href":"https:\/\/montaigne.online\/index.php\/wp-json\/wp\/v2\/product\/309","targetHints":{"allow":["GET"]}}],"collection":[{"href":"https:\/\/montaigne.online\/index.php\/wp-json\/wp\/v2\/product"}],"about":[{"href":"https:\/\/montaigne.online\/index.php\/wp-json\/wp\/v2\/types\/product"}],"replies":[{"embeddable":true,"href":"https:\/\/montaigne.online\/index.php\/wp-json\/wp\/v2\/comments?post=309"}],"wp:featuredmedia":[{"embeddable":true,"href":"https:\/\/montaigne.online\/index.php\/wp-json\/wp\/v2\/media\/318"}],"wp:attachment":[{"href":"https:\/\/montaigne.online\/index.php\/wp-json\/wp\/v2\/media?parent=309"}],"wp:term":[{"taxonomy":"product_cat","embeddable":true,"href":"https:\/\/montaigne.online\/index.php\/wp-json\/wp\/v2\/product_cat?post=309"},{"taxonomy":"product_tag","embeddable":true,"href":"https:\/\/montaigne.online\/index.php\/wp-json\/wp\/v2\/product_tag?post=309"}],"curies":[{"name":"wp","href":"https:\/\/api.w.org\/{rel}","templated":true}]}}