{"id":306,"date":"2025-01-16T17:31:19","date_gmt":"2025-01-16T16:31:19","guid":{"rendered":"https:\/\/montaigne.online\/?post_type=product&#038;p=306"},"modified":"2025-01-16T17:50:16","modified_gmt":"2025-01-16T16:50:16","slug":"sweatshirt-de-marques-connues","status":"publish","type":"product","link":"https:\/\/montaigne.online\/index.php\/produit\/sweatshirt-de-marques-connues\/","title":{"rendered":"Sweatshirt de marques connues"},"content":{"rendered":"<p>Quantit\u00e9 minimum 30<br \/>\nGrade A,B,C<br \/>\nMarque pr\u00e9sente : Ralph Lauren, Tommy Hilfiger, Nike, Carhartt, Adidas<br \/>\nEnsemble m\u00e9lang\u00e9 avec diff\u00e9rent grade, taille, et genre.<\/p>\n","protected":false},"excerpt":{"rendered":"<p>Quantit\u00e9 minimum 30 Grade A,B,C Marque pr\u00e9sente : Ralph Lauren, Tommy Hilfiger, Nike, Carhartt, Adidas Ensemble m\u00e9lang\u00e9 avec diff\u00e9rent grade, taille, et genre.<\/p>\n","protected":false},"featured_media":307,"comment_status":"open","ping_status":"closed","template":"","meta":{"_et_pb_use_builder":"","_et_pb_old_content":"","_et_gb_content_width":""},"product_cat":[32,30,33,31,28,29],"product_tag":[],"class_list":{"0":"post-306","1":"product","2":"type-product","3":"status-publish","4":"has-post-thumbnail","6":"product_cat-adidas","7":"product_cat-calvin-klein","8":"product_cat-carhartt","9":"product_cat-nike","10":"product_cat-ralph-lauren","11":"product_cat-tommy-hilfiger","13":"first","14":"instock","15":"shipping-taxable","16":"purchasable","17":"product-type-simple"},"_links":{"self":[{"href":"https:\/\/montaigne.online\/index.php\/wp-json\/wp\/v2\/product\/306","targetHints":{"allow":["GET"]}}],"collection":[{"href":"https:\/\/montaigne.online\/index.php\/wp-json\/wp\/v2\/product"}],"about":[{"href":"https:\/\/montaigne.online\/index.php\/wp-json\/wp\/v2\/types\/product"}],"replies":[{"embeddable":true,"href":"https:\/\/montaigne.online\/index.php\/wp-json\/wp\/v2\/comments?post=306"}],"wp:featuredmedia":[{"embeddable":true,"href":"https:\/\/montaigne.online\/index.php\/wp-json\/wp\/v2\/media\/307"}],"wp:attachment":[{"href":"https:\/\/montaigne.online\/index.php\/wp-json\/wp\/v2\/media?parent=306"}],"wp:term":[{"taxonomy":"product_cat","embeddable":true,"href":"https:\/\/montaigne.online\/index.php\/wp-json\/wp\/v2\/product_cat?post=306"},{"taxonomy":"product_tag","embeddable":true,"href":"https:\/\/montaigne.online\/index.php\/wp-json\/wp\/v2\/product_tag?post=306"}],"curies":[{"name":"wp","href":"https:\/\/api.w.org\/{rel}","templated":true}]}}