{"id":304,"date":"2025-01-16T17:29:29","date_gmt":"2025-01-16T16:29:29","guid":{"rendered":"https:\/\/montaigne.online\/?post_type=product&#038;p=304"},"modified":"2025-05-10T13:53:21","modified_gmt":"2025-05-10T11:53:21","slug":"pull-zip-quarter-zip","status":"publish","type":"product","link":"https:\/\/montaigne.online\/index.php\/produit\/pull-zip-quarter-zip\/","title":{"rendered":"Pull zip (Quarter Zip)"},"content":{"rendered":"<p>Pull Quarter ZIP,<br \/>\nAchat en lot uniquement minimum quantit\u00e9 30<br \/>\nGrade A, B, C<\/p>\n<p>Ensemble m\u00e9lang\u00e9 avec diff\u00e9rent grade, taille, et genre.<\/p>\n","protected":false},"excerpt":{"rendered":"<p>Pull Quarter ZIP, Achat en lot uniquement minimum quantit\u00e9 30 Grade A, B, C Ensemble m\u00e9lang\u00e9 avec diff\u00e9rent grade, taille, et genre.<\/p>\n","protected":false},"featured_media":305,"comment_status":"open","ping_status":"closed","template":"","meta":{"_et_pb_use_builder":"","_et_pb_old_content":"","_et_gb_content_width":""},"product_cat":[15],"product_tag":[],"class_list":{"0":"post-304","1":"product","2":"type-product","3":"status-publish","4":"has-post-thumbnail","6":"product_cat-non-classe","8":"first","9":"onbackorder","10":"shipping-taxable","11":"purchasable","12":"product-type-simple"},"_links":{"self":[{"href":"https:\/\/montaigne.online\/index.php\/wp-json\/wp\/v2\/product\/304","targetHints":{"allow":["GET"]}}],"collection":[{"href":"https:\/\/montaigne.online\/index.php\/wp-json\/wp\/v2\/product"}],"about":[{"href":"https:\/\/montaigne.online\/index.php\/wp-json\/wp\/v2\/types\/product"}],"replies":[{"embeddable":true,"href":"https:\/\/montaigne.online\/index.php\/wp-json\/wp\/v2\/comments?post=304"}],"wp:featuredmedia":[{"embeddable":true,"href":"https:\/\/montaigne.online\/index.php\/wp-json\/wp\/v2\/media\/305"}],"wp:attachment":[{"href":"https:\/\/montaigne.online\/index.php\/wp-json\/wp\/v2\/media?parent=304"}],"wp:term":[{"taxonomy":"product_cat","embeddable":true,"href":"https:\/\/montaigne.online\/index.php\/wp-json\/wp\/v2\/product_cat?post=304"},{"taxonomy":"product_tag","embeddable":true,"href":"https:\/\/montaigne.online\/index.php\/wp-json\/wp\/v2\/product_tag?post=304"}],"curies":[{"name":"wp","href":"https:\/\/api.w.org\/{rel}","templated":true}]}}