{"id":300,"date":"2025-01-16T17:21:49","date_gmt":"2025-01-16T16:21:49","guid":{"rendered":"https:\/\/montaigne.online\/?post_type=product&#038;p=300"},"modified":"2025-01-16T18:08:28","modified_gmt":"2025-01-16T17:08:28","slug":"vestes-de-marques-populaires","status":"publish","type":"product","link":"https:\/\/montaigne.online\/index.php\/produit\/vestes-de-marques-populaires\/","title":{"rendered":"VESTES DE MARQUES POPULAIRES"},"content":{"rendered":"<p>Marque tr\u00e8s connu tout type de grade,<br \/>\nA, B, C<br \/>\nAchat en lot uniquement.<br \/>\nEnsemble m\u00e9lang\u00e9 avec diff\u00e9rent grade, taille, et genre.<br \/>\nQuantit\u00e9 minimum 25<\/p>\n","protected":false},"excerpt":{"rendered":"<p>Marque tr\u00e8s connu tout type de grade, A, B, C Achat en lot uniquement. Ensemble m\u00e9lang\u00e9 avec diff\u00e9rent grade, taille, et genre. Quantit\u00e9 minimum 25<\/p>\n","protected":false},"featured_media":303,"comment_status":"open","ping_status":"closed","template":"","meta":{"_et_pb_use_builder":"","_et_pb_old_content":"","_et_gb_content_width":""},"product_cat":[32,30,33,31,28,29],"product_tag":[],"class_list":{"0":"post-300","1":"product","2":"type-product","3":"status-publish","4":"has-post-thumbnail","6":"product_cat-adidas","7":"product_cat-calvin-klein","8":"product_cat-carhartt","9":"product_cat-nike","10":"product_cat-ralph-lauren","11":"product_cat-tommy-hilfiger","13":"first","14":"instock","15":"shipping-taxable","16":"purchasable","17":"product-type-simple"},"_links":{"self":[{"href":"https:\/\/montaigne.online\/index.php\/wp-json\/wp\/v2\/product\/300","targetHints":{"allow":["GET"]}}],"collection":[{"href":"https:\/\/montaigne.online\/index.php\/wp-json\/wp\/v2\/product"}],"about":[{"href":"https:\/\/montaigne.online\/index.php\/wp-json\/wp\/v2\/types\/product"}],"replies":[{"embeddable":true,"href":"https:\/\/montaigne.online\/index.php\/wp-json\/wp\/v2\/comments?post=300"}],"wp:featuredmedia":[{"embeddable":true,"href":"https:\/\/montaigne.online\/index.php\/wp-json\/wp\/v2\/media\/303"}],"wp:attachment":[{"href":"https:\/\/montaigne.online\/index.php\/wp-json\/wp\/v2\/media?parent=300"}],"wp:term":[{"taxonomy":"product_cat","embeddable":true,"href":"https:\/\/montaigne.online\/index.php\/wp-json\/wp\/v2\/product_cat?post=300"},{"taxonomy":"product_tag","embeddable":true,"href":"https:\/\/montaigne.online\/index.php\/wp-json\/wp\/v2\/product_tag?post=300"}],"curies":[{"name":"wp","href":"https:\/\/api.w.org\/{rel}","templated":true}]}}